{"id":92,"date":"2020-08-07T10:43:28","date_gmt":"2020-08-07T10:43:28","guid":{"rendered":"http:\/\/ds-tlapky.cz\/?page_id=92"},"modified":"2025-09-28T09:13:10","modified_gmt":"2025-09-28T07:13:10","slug":"cenik","status":"publish","type":"page","link":"https:\/\/ds-tlapky.cz\/?page_id=92","title":{"rendered":"\ud83d\udc8e Cen\u00edk \ud83d\udc8e"},"content":{"rendered":"\n<p><\/p>\n\n\n\n<div style=\"height:49px\" aria-hidden=\"true\" class=\"wp-block-spacer\"><\/div>\n\n\n\n<p><\/p>\n\n\n\n<p class=\"has-text-align-center\">V&nbsp;cen\u011b \u0161kolkovn\u00e9ho jsou v\u00fdukov\u00e9 pom\u016fcky v&nbsp;r\u00e1mci denn\u00edho programu DS.&nbsp;N\u011bkter\u00e9 aktivity a v\u00fdlety se plat\u00ed zvl\u00e1\u0161\u0165.<\/p>\n\n\n\n<p class=\"has-text-align-center\"><\/p>\n\n\n\n<p><\/p>\n\n\n\n<p>V&nbsp;cen\u011b \u0161kolkovn\u00e9ho nen\u00ed zahrnut\u00e9 stravn\u00e9.&nbsp;<\/p>\n\n\n\n<p><strong>Cen\u00edk platn\u00fd pro \u0161koln\u00ed rok 2025\/2026<\/strong><\/p>\n\n\n\n<p>D\u011bti mlad\u0161\u00ed kategorie (d\u011bti od 1 roku do 3 let) *<\/p>\n\n\n\n<figure class=\"wp-block-table\"><table><tbody><tr><td><strong>po\u010det dn\u00ed v t\u00fddnu<\/strong><\/td><td><strong>cena\/m\u011bs\u00edc<\/strong><\/td><td><\/td><\/tr><tr><td>1 den<\/td><td>1 150,- K\u010d<\/td><td><\/td><\/tr><tr><td>2 dny<\/td><td>2 000,- K\u010d<\/td><td><\/td><\/tr><tr><td>3 dny<\/td><td>2 500,- K\u010d<\/td><td><\/td><\/tr><tr><td>4 dny<\/td><td>3 000,- K\u010d<\/td><td><\/td><\/tr><tr><td>5 dn\u00ed<\/td><td>3 500,- K\u010d<\/td><td><\/td><\/tr><\/tbody><\/table><\/figure>\n\n\n\n<p><\/p>\n\n\n\n<p>D\u011bti star\u0161\u00ed kategorie<\/p>\n\n\n\n<div class=\"wp-container-2 wp-block-columns\">\n<div class=\"wp-container-1 wp-block-column\" style=\"flex-basis:100%\">\n<figure class=\"wp-block-table\"><table><tbody><tr><td><strong>po\u010det dn\u00ed v t\u00fddnu<\/strong><\/td><td><strong>cena\/m\u011bs\u00edc<\/strong><\/td><td><\/td><\/tr><tr><td>1 den<\/td><td>1 250,- K\u010d<\/td><td><\/td><\/tr><tr><td>2 dny<\/td><td>2 500,- K\u010d<\/td><td><\/td><\/tr><tr><td>3 dny<\/td><td>3 700,- K\u010d<\/td><td><\/td><\/tr><tr><td>4 dny<\/td><td>4 500,- K\u010d<\/td><td><\/td><\/tr><tr><td>5 dn\u00ed<\/td><td>5 000,- K\u010d<\/td><td><\/td><\/tr><\/tbody><\/table><\/figure>\n<\/div>\n<\/div>\n\n\n\n<p>Jednor\u00e1zov\u00fd vstup je mo\u017en\u00e9 objednat p\u0159i voln\u00e9 kapacit\u011b. Pro v\u00edce informac\u00ed n\u00e1s kontaktujte.<\/p>\n\n\n\n<p class=\"has-text-align-center\">* D\u00edt\u011b mlad\u0161\u00ed kategorie je d\u00edt\u011b, kter\u00e9 v dan\u00e9m \u0161koln\u00edm roce nastupuje doch\u00e1zku a je mlad\u0161\u00ed t\u0159\u00ed let. Za d\u00edt\u011b mlad\u0161\u00ed kategorie je pova\u017eovan\u00e9 i d\u00edt\u011b t\u0159\u00edlet\u00e9 a\u017e do 31. 8. dan\u00e9ho roku. D\u00edt\u011b, kter\u00e9 m\u00e1 ke dni 1. 9. dan\u00e9ho \u0161koln\u00edho roku ji\u017e 3 roky se pova\u017euje za d\u00edt\u011b star\u0161\u00ed kategorie a plat\u00ed pro n\u011bj cen\u00edk pro d\u011bti star\u0161\u00ed kategorie<\/p>\n\n\n\n<p><\/p>\n\n\n\n<p class=\"has-text-align-center\"><strong>Stravn\u00e9<\/strong><\/p>\n\n\n\n<p class=\"has-text-align-center\">Stravov\u00e1n\u00ed v&nbsp;DS Tlapky poskytuje provozovatel, nebo je po domluv\u011b mo\u017en\u00e9 z&nbsp;vlastn\u00edch z\u00e1sob d\u00edt\u011bte z&nbsp;domova. Pokud je strava poskytov\u00e1na provozovatelem, rodi\u010d je povinen hradit stravn\u00e9 dle uveden\u00e9 ceny. <\/p>\n\n\n\n<p>Cena stravn\u00e9ho je 125 K\u010d\/den &#8211; stravn\u00e9 obsahuje 1x ob\u011bd, 2x sva\u010dina.<\/p>\n\n\n\n<p>Pitn\u00fd re\u017eim v cen\u011b.<\/p>\n\n\n\n<p class=\"has-text-align-center\"><strong>Platba<\/strong><\/p>\n\n\n\n<p>zp\u016fsob platby: bankovn\u00edm p\u0159evodem<\/p>\n\n\n\n<p>datum splatnosti: k 20. dni p\u0159edchoz\u00edho m\u011bs\u00edce<\/p>\n\n\n\n<p>\u010d\u00edslo \u00fa\u010dtu: 1032846785\/5500<\/p>\n\n\n\n<p>variabiln\u00ed symbol je rodn\u00e9 \u010d\u00edslo d\u00edt\u011bte<\/p>\n\n\n\n<p><\/p>\n\n\n\n<div style=\"height:69px\" aria-hidden=\"true\" class=\"wp-block-spacer\"><\/div>\n\n\n\n<p class=\"has-text-align-center\">Z\u00e1konn\u00fd z\u00e1stupce se zavazuje dodr\u017eovat term\u00edn placen\u00ed \u00fahrady n\u00e1klad\u016f a stravn\u00e9ho i v p\u0159\u00edpad\u011b nep\u0159\u00edtomnosti sv\u00e9ho d\u00edt\u011bte v DS. Opakovan\u00e9 neplacen\u00ed \u00fahrady n\u00e1klad\u016f v term\u00ednu \u010di nedodr\u017een\u00ed term\u00ednu \u00fahrady n\u00e1klad\u016f m\u016f\u017ee b\u00fdt d\u016fvodem k okam\u017eit\u00e9 v\u00fdpov\u011bdi smlouvy ze strany poskytovatele bez v\u00fdpov\u011bdn\u00ed doby.<\/p>\n","protected":false},"excerpt":{"rendered":"<p>V&nbsp;cen\u011b \u0161kolkovn\u00e9ho jsou v\u00fdukov\u00e9 pom\u016fcky v&nbsp;r\u00e1mci denn\u00edho programu DS.&nbsp;N\u011bkter\u00e9 aktivity a v\u00fdlety se plat\u00ed zvl\u00e1\u0161\u0165. V&nbsp;cen\u011b \u0161kolkovn\u00e9ho nen\u00ed zahrnut\u00e9 stravn\u00e9.&nbsp; Cen\u00edk platn\u00fd pro \u0161koln\u00ed rok 2025\/2026 D\u011bti mlad\u0161\u00ed kategorie (d\u011bti od 1 roku do 3 let) * po\u010det dn\u00ed v [&hellip;]<\/p>\n","protected":false},"author":1,"featured_media":0,"parent":0,"menu_order":0,"comment_status":"closed","ping_status":"closed","template":"","meta":[],"yoast_head":"<!-- This site is optimized with the Yoast SEO plugin v19.6 - https:\/\/yoast.com\/wordpress\/plugins\/seo\/ -->\n<title>\ud83d\udc8e Cen\u00edk \ud83d\udc8e - D\u011btsk\u00e1 Skupina Tlapky<\/title>\n<meta name=\"robots\" content=\"index, follow, max-snippet:-1, max-image-preview:large, max-video-preview:-1\" \/>\n<link rel=\"canonical\" href=\"http:\/\/ds-tlapky.cz\/?page_id=92\" \/>\n<meta property=\"og:locale\" content=\"cs_CZ\" \/>\n<meta property=\"og:type\" content=\"article\" \/>\n<meta property=\"og:title\" content=\"\ud83d\udc8e Cen\u00edk \ud83d\udc8e - D\u011btsk\u00e1 Skupina Tlapky\" \/>\n<meta property=\"og:description\" content=\"V&nbsp;cen\u011b \u0161kolkovn\u00e9ho jsou v\u00fdukov\u00e9 pom\u016fcky v&nbsp;r\u00e1mci denn\u00edho programu DS.&nbsp;N\u011bkter\u00e9 aktivity a v\u00fdlety se plat\u00ed zvl\u00e1\u0161\u0165. V&nbsp;cen\u011b \u0161kolkovn\u00e9ho nen\u00ed zahrnut\u00e9 stravn\u00e9.&nbsp; Cen\u00edk platn\u00fd pro \u0161koln\u00ed rok 2025\/2026 D\u011bti mlad\u0161\u00ed kategorie (d\u011bti od 1 roku do 3 let) * po\u010det dn\u00ed v [&hellip;]\" \/>\n<meta property=\"og:url\" content=\"http:\/\/ds-tlapky.cz\/?page_id=92\" \/>\n<meta property=\"og:site_name\" content=\"D\u011btsk\u00e1 Skupina Tlapky\" \/>\n<meta property=\"article:publisher\" content=\"https:\/\/www.facebook.com\/dsTlapky\" \/>\n<meta property=\"article:modified_time\" content=\"2025-09-28T07:13:10+00:00\" \/>\n<meta name=\"twitter:card\" content=\"summary_large_image\" \/>\n<meta name=\"twitter:label1\" content=\"Odhadovan\u00e1 doba \u010dten\u00ed\" \/>\n\t<meta name=\"twitter:data1\" content=\"2 minuty\" \/>\n<script type=\"application\/ld+json\" class=\"yoast-schema-graph\">{\"@context\":\"https:\/\/schema.org\",\"@graph\":[{\"@type\":\"WebPage\",\"@id\":\"http:\/\/ds-tlapky.cz\/?page_id=92\",\"url\":\"http:\/\/ds-tlapky.cz\/?page_id=92\",\"name\":\"\ud83d\udc8e Cen\u00edk \ud83d\udc8e - D\u011btsk\u00e1 Skupina Tlapky\",\"isPartOf\":{\"@id\":\"http:\/\/ds-tlapky.cz\/#website\"},\"datePublished\":\"2020-08-07T10:43:28+00:00\",\"dateModified\":\"2025-09-28T07:13:10+00:00\",\"breadcrumb\":{\"@id\":\"http:\/\/ds-tlapky.cz\/?page_id=92#breadcrumb\"},\"inLanguage\":\"cs\",\"potentialAction\":[{\"@type\":\"ReadAction\",\"target\":[\"http:\/\/ds-tlapky.cz\/?page_id=92\"]}]},{\"@type\":\"BreadcrumbList\",\"@id\":\"http:\/\/ds-tlapky.cz\/?page_id=92#breadcrumb\",\"itemListElement\":[{\"@type\":\"ListItem\",\"position\":1,\"name\":\"Dom\u016f\",\"item\":\"http:\/\/ds-tlapky.cz\/\"},{\"@type\":\"ListItem\",\"position\":2,\"name\":\"\ud83d\udc8e Cen\u00edk \ud83d\udc8e\"}]},{\"@type\":\"WebSite\",\"@id\":\"http:\/\/ds-tlapky.cz\/#website\",\"url\":\"http:\/\/ds-tlapky.cz\/\",\"name\":\"ds-tlapky.cz\",\"description\":\"D\u011btsk\u00e1 skupina Tlapky Plze\u0148\",\"publisher\":{\"@id\":\"http:\/\/ds-tlapky.cz\/#organization\"},\"potentialAction\":[{\"@type\":\"SearchAction\",\"target\":{\"@type\":\"EntryPoint\",\"urlTemplate\":\"http:\/\/ds-tlapky.cz\/?s={search_term_string}\"},\"query-input\":\"required name=search_term_string\"}],\"inLanguage\":\"cs\"},{\"@type\":\"Organization\",\"@id\":\"http:\/\/ds-tlapky.cz\/#organization\",\"name\":\"D\u011btsk\u00e1 skupina Tlapky\",\"url\":\"http:\/\/ds-tlapky.cz\/\",\"sameAs\":[\"https:\/\/www.instagram.com\/ds_tlapky\/\",\"https:\/\/www.facebook.com\/dsTlapky\"],\"logo\":{\"@type\":\"ImageObject\",\"inLanguage\":\"cs\",\"@id\":\"http:\/\/ds-tlapky.cz\/#\/schema\/logo\/image\/\",\"url\":\"https:\/\/ds-tlapky.cz\/wp-content\/uploads\/2020\/08\/LOGO.png\",\"contentUrl\":\"https:\/\/ds-tlapky.cz\/wp-content\/uploads\/2020\/08\/LOGO.png\",\"width\":3000,\"height\":3000,\"caption\":\"D\u011btsk\u00e1 skupina Tlapky\"},\"image\":{\"@id\":\"http:\/\/ds-tlapky.cz\/#\/schema\/logo\/image\/\"}}]}<\/script>\n<!-- \/ Yoast SEO plugin. -->","yoast_head_json":{"title":"\ud83d\udc8e Cen\u00edk \ud83d\udc8e - D\u011btsk\u00e1 Skupina Tlapky","robots":{"index":"index","follow":"follow","max-snippet":"max-snippet:-1","max-image-preview":"max-image-preview:large","max-video-preview":"max-video-preview:-1"},"canonical":"http:\/\/ds-tlapky.cz\/?page_id=92","og_locale":"cs_CZ","og_type":"article","og_title":"\ud83d\udc8e Cen\u00edk \ud83d\udc8e - D\u011btsk\u00e1 Skupina Tlapky","og_description":"V&nbsp;cen\u011b \u0161kolkovn\u00e9ho jsou v\u00fdukov\u00e9 pom\u016fcky v&nbsp;r\u00e1mci denn\u00edho programu DS.&nbsp;N\u011bkter\u00e9 aktivity a v\u00fdlety se plat\u00ed zvl\u00e1\u0161\u0165. V&nbsp;cen\u011b \u0161kolkovn\u00e9ho nen\u00ed zahrnut\u00e9 stravn\u00e9.&nbsp; Cen\u00edk platn\u00fd pro \u0161koln\u00ed rok 2025\/2026 D\u011bti mlad\u0161\u00ed kategorie (d\u011bti od 1 roku do 3 let) * po\u010det dn\u00ed v [&hellip;]","og_url":"http:\/\/ds-tlapky.cz\/?page_id=92","og_site_name":"D\u011btsk\u00e1 Skupina Tlapky","article_publisher":"https:\/\/www.facebook.com\/dsTlapky","article_modified_time":"2025-09-28T07:13:10+00:00","twitter_card":"summary_large_image","twitter_misc":{"Odhadovan\u00e1 doba \u010dten\u00ed":"2 minuty"},"schema":{"@context":"https:\/\/schema.org","@graph":[{"@type":"WebPage","@id":"http:\/\/ds-tlapky.cz\/?page_id=92","url":"http:\/\/ds-tlapky.cz\/?page_id=92","name":"\ud83d\udc8e Cen\u00edk \ud83d\udc8e - D\u011btsk\u00e1 Skupina Tlapky","isPartOf":{"@id":"http:\/\/ds-tlapky.cz\/#website"},"datePublished":"2020-08-07T10:43:28+00:00","dateModified":"2025-09-28T07:13:10+00:00","breadcrumb":{"@id":"http:\/\/ds-tlapky.cz\/?page_id=92#breadcrumb"},"inLanguage":"cs","potentialAction":[{"@type":"ReadAction","target":["http:\/\/ds-tlapky.cz\/?page_id=92"]}]},{"@type":"BreadcrumbList","@id":"http:\/\/ds-tlapky.cz\/?page_id=92#breadcrumb","itemListElement":[{"@type":"ListItem","position":1,"name":"Dom\u016f","item":"http:\/\/ds-tlapky.cz\/"},{"@type":"ListItem","position":2,"name":"\ud83d\udc8e Cen\u00edk \ud83d\udc8e"}]},{"@type":"WebSite","@id":"http:\/\/ds-tlapky.cz\/#website","url":"http:\/\/ds-tlapky.cz\/","name":"ds-tlapky.cz","description":"D\u011btsk\u00e1 skupina Tlapky Plze\u0148","publisher":{"@id":"http:\/\/ds-tlapky.cz\/#organization"},"potentialAction":[{"@type":"SearchAction","target":{"@type":"EntryPoint","urlTemplate":"http:\/\/ds-tlapky.cz\/?s={search_term_string}"},"query-input":"required name=search_term_string"}],"inLanguage":"cs"},{"@type":"Organization","@id":"http:\/\/ds-tlapky.cz\/#organization","name":"D\u011btsk\u00e1 skupina Tlapky","url":"http:\/\/ds-tlapky.cz\/","sameAs":["https:\/\/www.instagram.com\/ds_tlapky\/","https:\/\/www.facebook.com\/dsTlapky"],"logo":{"@type":"ImageObject","inLanguage":"cs","@id":"http:\/\/ds-tlapky.cz\/#\/schema\/logo\/image\/","url":"https:\/\/ds-tlapky.cz\/wp-content\/uploads\/2020\/08\/LOGO.png","contentUrl":"https:\/\/ds-tlapky.cz\/wp-content\/uploads\/2020\/08\/LOGO.png","width":3000,"height":3000,"caption":"D\u011btsk\u00e1 skupina Tlapky"},"image":{"@id":"http:\/\/ds-tlapky.cz\/#\/schema\/logo\/image\/"}}]}},"_links":{"self":[{"href":"https:\/\/ds-tlapky.cz\/index.php?rest_route=\/wp\/v2\/pages\/92"}],"collection":[{"href":"https:\/\/ds-tlapky.cz\/index.php?rest_route=\/wp\/v2\/pages"}],"about":[{"href":"https:\/\/ds-tlapky.cz\/index.php?rest_route=\/wp\/v2\/types\/page"}],"author":[{"embeddable":true,"href":"https:\/\/ds-tlapky.cz\/index.php?rest_route=\/wp\/v2\/users\/1"}],"replies":[{"embeddable":true,"href":"https:\/\/ds-tlapky.cz\/index.php?rest_route=%2Fwp%2Fv2%2Fcomments&post=92"}],"version-history":[{"count":61,"href":"https:\/\/ds-tlapky.cz\/index.php?rest_route=\/wp\/v2\/pages\/92\/revisions"}],"predecessor-version":[{"id":499,"href":"https:\/\/ds-tlapky.cz\/index.php?rest_route=\/wp\/v2\/pages\/92\/revisions\/499"}],"wp:attachment":[{"href":"https:\/\/ds-tlapky.cz\/index.php?rest_route=%2Fwp%2Fv2%2Fmedia&parent=92"}],"curies":[{"name":"wp","href":"https:\/\/api.w.org\/{rel}","templated":true}]}}