{"id":8,"date":"2020-08-03T09:32:34","date_gmt":"2020-08-03T09:32:34","guid":{"rendered":"http:\/\/ds-tlapky.cz\/?page_id=8"},"modified":"2025-04-22T12:08:35","modified_gmt":"2025-04-22T10:08:35","slug":"kontakt","status":"publish","type":"page","link":"https:\/\/ds-tlapky.cz\/?page_id=8","title":{"rendered":"\ud83d\udcde Kontakt \ud83d\udcde"},"content":{"rendered":"\n<p class=\"has-text-align-center\"><strong>Tlapky<\/strong><\/p>\n\n\n\n<p class=\"has-text-align-center\">D\u011btsk\u00e1 skupina Altair, z. s., I\u010cO: <a href=\"https:\/\/rejstrik-firem.kurzy.cz\/09261630\/detska-skupina-altair-z-s\/\">09261630<\/a><\/p>\n\n\n\n<p class=\"has-text-align-center\">\ud83c\udfe1 Kopern\u00edkova 15, 301 00, Plze\u0148<\/p>\n\n\n\n<p class=\"has-text-align-center\">\u260e\ufe0f  704\u00a0609\u00a0087        Po \u2013 P\u00e1 7:00\u2013 16:30<\/p>\n\n\n\n<p class=\"has-text-align-center\">\u260e\ufe0f Pro informace ohledn\u011b z\u00e1pisu volejte p. \u0159editelce na tel. \u010d. 604 439 333.<\/p>\n\n\n\n<p class=\"has-text-align-center\">\ud83d\udce7 info@ds-tlapky.cz<\/p>\n\n\n\n<center><iframe loading=\"lazy\" src=\"https:\/\/www.google.com\/maps\/embed?pb=!1m18!1m12!1m3!1d2578.2168434766254!2d13.365593815705957!3d49.744363579384256!2m3!1f0!2f0!3f0!3m2!1i1024!2i768!4f13.1!3m3!1m2!1s0x470af1feac977493%3A0xfdfa166b48835343!2zS29wZXJuw61rb3ZhIDc3Mi8xNSwgMzAxIDAwIFBsemXFiCAzLUppxb5uw60gUMWZZWRtxJtzdMOt!5e0!3m2!1scs!2scz!4v1596798211167!5m2!1scs!2scz\" style=\"border:0;\" allowfullscreen=\"\" aria-hidden=\"false\" tabindex=\"0\" width=\"600\" height=\"450\" frameborder=\"0\"><\/iframe><\/center>\n\n\n\n<div style=\"height:64px\" aria-hidden=\"true\" class=\"wp-block-spacer\"><\/div>\n\n\n\n<p class=\"has-text-align-center\"><strong>Kontaktn\u00ed formul\u00e1\u0159<\/strong><\/p>\n\n\n<p><center><div class=\"wpforms-container wpforms-container-full\" id=\"wpforms-181\"><form id=\"wpforms-form-181\" class=\"wpforms-validate wpforms-form\" data-formid=\"181\" method=\"post\" enctype=\"multipart\/form-data\" action=\"\/index.php?rest_route=%2Fwp%2Fv2%2Fpages%2F8\" data-token=\"c665c81714750b530bac3259082f6962\"><noscript class=\"wpforms-error-noscript\">Chcete-li vyplnit tento formul\u00e1\u0159, pros\u00edm povolte v prohl\u00ed\u017ee\u010di JavaScript.<\/noscript><div class=\"wpforms-field-container\"><div id=\"wpforms-181-field_0-container\" class=\"wpforms-field wpforms-field-name\" data-field-id=\"0\"><label class=\"wpforms-field-label\" for=\"wpforms-181-field_0\">Jm\u00e9no <span class=\"wpforms-required-label\">*<\/span><\/label><div class=\"wpforms-field-row wpforms-field-medium\"><div class=\"wpforms-field-row-block wpforms-first wpforms-one-half\"><input type=\"text\" id=\"wpforms-181-field_0\" class=\"wpforms-field-name-first wpforms-field-required\" name=\"wpforms[fields][0][first]\" required><label for=\"wpforms-181-field_0\" class=\"wpforms-field-sublabel after \">K\u0159estn\u00ed jm\u00e9no<\/label><\/div><div class=\"wpforms-field-row-block wpforms-one-half\"><input type=\"text\" id=\"wpforms-181-field_0-last\" class=\"wpforms-field-name-last wpforms-field-required\" name=\"wpforms[fields][0][last]\" required><label for=\"wpforms-181-field_0-last\" class=\"wpforms-field-sublabel after \">P\u0159\u00edjmen\u00ed<\/label><\/div><\/div><\/div><div id=\"wpforms-181-field_1-container\" class=\"wpforms-field wpforms-field-email\" data-field-id=\"1\"><label class=\"wpforms-field-label\" for=\"wpforms-181-field_1\">Email <span class=\"wpforms-required-label\">*<\/span><\/label><input type=\"email\" id=\"wpforms-181-field_1\" class=\"wpforms-field-medium wpforms-field-required\" name=\"wpforms[fields][1]\" required><\/div><div id=\"wpforms-181-field_3-container\" class=\"wpforms-field wpforms-field-text\" data-field-id=\"3\"><label class=\"wpforms-field-label\" for=\"wpforms-181-field_3\">Telefonn\u00ed \u010d\u00edslo<\/label><input type=\"text\" id=\"wpforms-181-field_3\" class=\"wpforms-field-medium\" name=\"wpforms[fields][3]\" ><\/div><div id=\"wpforms-181-field_2-container\" class=\"wpforms-field wpforms-field-textarea\" data-field-id=\"2\"><label class=\"wpforms-field-label\" for=\"wpforms-181-field_2\">Koment\u00e1\u0159 nebo zpr\u00e1va <span class=\"wpforms-required-label\">*<\/span><\/label><textarea id=\"wpforms-181-field_2\" class=\"wpforms-field-medium wpforms-field-required\" name=\"wpforms[fields][2]\" required><\/textarea><\/div><\/div><div class=\"wpforms-field wpforms-field-hp\"><label for=\"wpforms-181-field-hp\" class=\"wpforms-field-label\">Name<\/label><input type=\"text\" name=\"wpforms[hp]\" id=\"wpforms-181-field-hp\" class=\"wpforms-field-medium\"><\/div><div class=\"wpforms-submit-container\"><input type=\"hidden\" name=\"wpforms[id]\" value=\"181\"><input type=\"hidden\" name=\"wpforms[author]\" value=\"1\"><button type=\"submit\" name=\"wpforms[submit]\" id=\"wpforms-submit-181\" class=\"wpforms-submit\" data-alt-text=\"Odes\u00edl\u00e1ni...\" data-submit-text=\"Odeslat\" aria-live=\"assertive\" value=\"wpforms-submit\">Odeslat<\/button><\/div><\/form><\/div>  <!-- .wpforms-container --><\/center><\/p>\n\n\n\n<p><\/p>\n","protected":false},"excerpt":{"rendered":"<p>Tlapky D\u011btsk\u00e1 skupina Altair, z. s., I\u010cO: 09261630 \ud83c\udfe1 Kopern\u00edkova 15, 301 00, Plze\u0148 \u260e\ufe0f 704\u00a0609\u00a0087 Po \u2013 P\u00e1 7:00\u2013 16:30 \u260e\ufe0f Pro informace ohledn\u011b z\u00e1pisu volejte p. \u0159editelce na tel. \u010d. 604 439 333. \ud83d\udce7 info@ds-tlapky.cz Kontaktn\u00ed formul\u00e1\u0159<\/p>\n","protected":false},"author":1,"featured_media":0,"parent":0,"menu_order":0,"comment_status":"closed","ping_status":"closed","template":"","meta":[],"yoast_head":"<!-- This site is optimized with the Yoast SEO plugin v19.6 - https:\/\/yoast.com\/wordpress\/plugins\/seo\/ -->\n<title>\ud83d\udcde Kontakt \ud83d\udcde - D\u011btsk\u00e1 Skupina Tlapky - tel. 704 609 087 nebo info@ds-tlapky.cz<\/title>\n<meta name=\"description\" content=\"D\u011btsk\u00e1 skupina - alternatica klasick\u00e9 mate\u0159sk\u00e9 \u0161kolky, se s\u00eddlem v Plzni na adrese Kopern\u00edkova 15, kterou bude va\u0161e d\u00edt\u011b zbo\u017e\u0148ovat! A vy tak\u00e9!\" \/>\n<meta name=\"robots\" content=\"index, follow, max-snippet:-1, max-image-preview:large, max-video-preview:-1\" \/>\n<link rel=\"canonical\" href=\"http:\/\/ds-tlapky.cz\/?page_id=8\" \/>\n<meta property=\"og:locale\" content=\"cs_CZ\" \/>\n<meta property=\"og:type\" content=\"article\" \/>\n<meta property=\"og:title\" content=\"\ud83d\udcde Kontakt \ud83d\udcde - D\u011btsk\u00e1 Skupina Tlapky - tel. 704 609 087 nebo info@ds-tlapky.cz\" \/>\n<meta property=\"og:description\" content=\"D\u011btsk\u00e1 skupina - alternatica klasick\u00e9 mate\u0159sk\u00e9 \u0161kolky, se s\u00eddlem v Plzni na adrese Kopern\u00edkova 15, kterou bude va\u0161e d\u00edt\u011b zbo\u017e\u0148ovat! A vy tak\u00e9!\" \/>\n<meta property=\"og:url\" content=\"http:\/\/ds-tlapky.cz\/?page_id=8\" \/>\n<meta property=\"og:site_name\" content=\"D\u011btsk\u00e1 Skupina Tlapky\" \/>\n<meta property=\"article:publisher\" content=\"https:\/\/www.facebook.com\/dsTlapky\" \/>\n<meta property=\"article:modified_time\" content=\"2025-04-22T10:08:35+00:00\" \/>\n<meta name=\"twitter:card\" content=\"summary_large_image\" \/>\n<meta name=\"twitter:label1\" content=\"Odhadovan\u00e1 doba \u010dten\u00ed\" \/>\n\t<meta name=\"twitter:data1\" content=\"1 minuta\" \/>\n<script type=\"application\/ld+json\" class=\"yoast-schema-graph\">{\"@context\":\"https:\/\/schema.org\",\"@graph\":[{\"@type\":[\"WebPage\",\"ContactPage\"],\"@id\":\"http:\/\/ds-tlapky.cz\/?page_id=8\",\"url\":\"http:\/\/ds-tlapky.cz\/?page_id=8\",\"name\":\"\ud83d\udcde Kontakt \ud83d\udcde - D\u011btsk\u00e1 Skupina Tlapky - tel. 704 609 087 nebo info@ds-tlapky.cz\",\"isPartOf\":{\"@id\":\"http:\/\/ds-tlapky.cz\/#website\"},\"datePublished\":\"2020-08-03T09:32:34+00:00\",\"dateModified\":\"2025-04-22T10:08:35+00:00\",\"description\":\"D\u011btsk\u00e1 skupina - alternatica klasick\u00e9 mate\u0159sk\u00e9 \u0161kolky, se s\u00eddlem v Plzni na adrese Kopern\u00edkova 15, kterou bude va\u0161e d\u00edt\u011b zbo\u017e\u0148ovat! A vy tak\u00e9!\",\"breadcrumb\":{\"@id\":\"http:\/\/ds-tlapky.cz\/?page_id=8#breadcrumb\"},\"inLanguage\":\"cs\",\"potentialAction\":[{\"@type\":\"ReadAction\",\"target\":[\"http:\/\/ds-tlapky.cz\/?page_id=8\"]}]},{\"@type\":\"BreadcrumbList\",\"@id\":\"http:\/\/ds-tlapky.cz\/?page_id=8#breadcrumb\",\"itemListElement\":[{\"@type\":\"ListItem\",\"position\":1,\"name\":\"Dom\u016f\",\"item\":\"http:\/\/ds-tlapky.cz\/\"},{\"@type\":\"ListItem\",\"position\":2,\"name\":\"\ud83d\udcde Kontakt \ud83d\udcde\"}]},{\"@type\":\"WebSite\",\"@id\":\"http:\/\/ds-tlapky.cz\/#website\",\"url\":\"http:\/\/ds-tlapky.cz\/\",\"name\":\"ds-tlapky.cz\",\"description\":\"D\u011btsk\u00e1 skupina Tlapky Plze\u0148\",\"publisher\":{\"@id\":\"http:\/\/ds-tlapky.cz\/#organization\"},\"potentialAction\":[{\"@type\":\"SearchAction\",\"target\":{\"@type\":\"EntryPoint\",\"urlTemplate\":\"http:\/\/ds-tlapky.cz\/?s={search_term_string}\"},\"query-input\":\"required name=search_term_string\"}],\"inLanguage\":\"cs\"},{\"@type\":\"Organization\",\"@id\":\"http:\/\/ds-tlapky.cz\/#organization\",\"name\":\"D\u011btsk\u00e1 skupina Tlapky\",\"url\":\"http:\/\/ds-tlapky.cz\/\",\"sameAs\":[\"https:\/\/www.instagram.com\/ds_tlapky\/\",\"https:\/\/www.facebook.com\/dsTlapky\"],\"logo\":{\"@type\":\"ImageObject\",\"inLanguage\":\"cs\",\"@id\":\"http:\/\/ds-tlapky.cz\/#\/schema\/logo\/image\/\",\"url\":\"https:\/\/ds-tlapky.cz\/wp-content\/uploads\/2020\/08\/LOGO.png\",\"contentUrl\":\"https:\/\/ds-tlapky.cz\/wp-content\/uploads\/2020\/08\/LOGO.png\",\"width\":3000,\"height\":3000,\"caption\":\"D\u011btsk\u00e1 skupina Tlapky\"},\"image\":{\"@id\":\"http:\/\/ds-tlapky.cz\/#\/schema\/logo\/image\/\"}}]}<\/script>\n<!-- \/ Yoast SEO plugin. -->","yoast_head_json":{"title":"\ud83d\udcde Kontakt \ud83d\udcde - D\u011btsk\u00e1 Skupina Tlapky - tel. 704 609 087 nebo info@ds-tlapky.cz","description":"D\u011btsk\u00e1 skupina - alternatica klasick\u00e9 mate\u0159sk\u00e9 \u0161kolky, se s\u00eddlem v Plzni na adrese Kopern\u00edkova 15, kterou bude va\u0161e d\u00edt\u011b zbo\u017e\u0148ovat! A vy tak\u00e9!","robots":{"index":"index","follow":"follow","max-snippet":"max-snippet:-1","max-image-preview":"max-image-preview:large","max-video-preview":"max-video-preview:-1"},"canonical":"http:\/\/ds-tlapky.cz\/?page_id=8","og_locale":"cs_CZ","og_type":"article","og_title":"\ud83d\udcde Kontakt \ud83d\udcde - D\u011btsk\u00e1 Skupina Tlapky - tel. 704 609 087 nebo info@ds-tlapky.cz","og_description":"D\u011btsk\u00e1 skupina - alternatica klasick\u00e9 mate\u0159sk\u00e9 \u0161kolky, se s\u00eddlem v Plzni na adrese Kopern\u00edkova 15, kterou bude va\u0161e d\u00edt\u011b zbo\u017e\u0148ovat! A vy tak\u00e9!","og_url":"http:\/\/ds-tlapky.cz\/?page_id=8","og_site_name":"D\u011btsk\u00e1 Skupina Tlapky","article_publisher":"https:\/\/www.facebook.com\/dsTlapky","article_modified_time":"2025-04-22T10:08:35+00:00","twitter_card":"summary_large_image","twitter_misc":{"Odhadovan\u00e1 doba \u010dten\u00ed":"1 minuta"},"schema":{"@context":"https:\/\/schema.org","@graph":[{"@type":["WebPage","ContactPage"],"@id":"http:\/\/ds-tlapky.cz\/?page_id=8","url":"http:\/\/ds-tlapky.cz\/?page_id=8","name":"\ud83d\udcde Kontakt \ud83d\udcde - D\u011btsk\u00e1 Skupina Tlapky - tel. 704 609 087 nebo info@ds-tlapky.cz","isPartOf":{"@id":"http:\/\/ds-tlapky.cz\/#website"},"datePublished":"2020-08-03T09:32:34+00:00","dateModified":"2025-04-22T10:08:35+00:00","description":"D\u011btsk\u00e1 skupina - alternatica klasick\u00e9 mate\u0159sk\u00e9 \u0161kolky, se s\u00eddlem v Plzni na adrese Kopern\u00edkova 15, kterou bude va\u0161e d\u00edt\u011b zbo\u017e\u0148ovat! A vy tak\u00e9!","breadcrumb":{"@id":"http:\/\/ds-tlapky.cz\/?page_id=8#breadcrumb"},"inLanguage":"cs","potentialAction":[{"@type":"ReadAction","target":["http:\/\/ds-tlapky.cz\/?page_id=8"]}]},{"@type":"BreadcrumbList","@id":"http:\/\/ds-tlapky.cz\/?page_id=8#breadcrumb","itemListElement":[{"@type":"ListItem","position":1,"name":"Dom\u016f","item":"http:\/\/ds-tlapky.cz\/"},{"@type":"ListItem","position":2,"name":"\ud83d\udcde Kontakt \ud83d\udcde"}]},{"@type":"WebSite","@id":"http:\/\/ds-tlapky.cz\/#website","url":"http:\/\/ds-tlapky.cz\/","name":"ds-tlapky.cz","description":"D\u011btsk\u00e1 skupina Tlapky Plze\u0148","publisher":{"@id":"http:\/\/ds-tlapky.cz\/#organization"},"potentialAction":[{"@type":"SearchAction","target":{"@type":"EntryPoint","urlTemplate":"http:\/\/ds-tlapky.cz\/?s={search_term_string}"},"query-input":"required name=search_term_string"}],"inLanguage":"cs"},{"@type":"Organization","@id":"http:\/\/ds-tlapky.cz\/#organization","name":"D\u011btsk\u00e1 skupina Tlapky","url":"http:\/\/ds-tlapky.cz\/","sameAs":["https:\/\/www.instagram.com\/ds_tlapky\/","https:\/\/www.facebook.com\/dsTlapky"],"logo":{"@type":"ImageObject","inLanguage":"cs","@id":"http:\/\/ds-tlapky.cz\/#\/schema\/logo\/image\/","url":"https:\/\/ds-tlapky.cz\/wp-content\/uploads\/2020\/08\/LOGO.png","contentUrl":"https:\/\/ds-tlapky.cz\/wp-content\/uploads\/2020\/08\/LOGO.png","width":3000,"height":3000,"caption":"D\u011btsk\u00e1 skupina Tlapky"},"image":{"@id":"http:\/\/ds-tlapky.cz\/#\/schema\/logo\/image\/"}}]}},"_links":{"self":[{"href":"https:\/\/ds-tlapky.cz\/index.php?rest_route=\/wp\/v2\/pages\/8"}],"collection":[{"href":"https:\/\/ds-tlapky.cz\/index.php?rest_route=\/wp\/v2\/pages"}],"about":[{"href":"https:\/\/ds-tlapky.cz\/index.php?rest_route=\/wp\/v2\/types\/page"}],"author":[{"embeddable":true,"href":"https:\/\/ds-tlapky.cz\/index.php?rest_route=\/wp\/v2\/users\/1"}],"replies":[{"embeddable":true,"href":"https:\/\/ds-tlapky.cz\/index.php?rest_route=%2Fwp%2Fv2%2Fcomments&post=8"}],"version-history":[{"count":26,"href":"https:\/\/ds-tlapky.cz\/index.php?rest_route=\/wp\/v2\/pages\/8\/revisions"}],"predecessor-version":[{"id":489,"href":"https:\/\/ds-tlapky.cz\/index.php?rest_route=\/wp\/v2\/pages\/8\/revisions\/489"}],"wp:attachment":[{"href":"https:\/\/ds-tlapky.cz\/index.php?rest_route=%2Fwp%2Fv2%2Fmedia&parent=8"}],"curies":[{"name":"wp","href":"https:\/\/api.w.org\/{rel}","templated":true}]}}