{"id":391,"date":"2022-07-16T21:02:31","date_gmt":"2022-07-16T19:02:31","guid":{"rendered":"https:\/\/ds-tlapky.cz\/?page_id=391"},"modified":"2022-08-23T22:04:24","modified_gmt":"2022-08-23T20:04:24","slug":"dokumenty-ke-stazeni","status":"publish","type":"page","link":"https:\/\/ds-tlapky.cz\/?page_id=391","title":{"rendered":"Dokumenty ke sta\u017een\u00ed"},"content":{"rendered":"\n<p><\/p>\n\n\n\n<p>(Omlouv\u00e1me se, za nefunk\u010dn\u00ed odkazy &#8211; sta\u010d\u00ed je zkop\u00edrovat a otev\u0159\u00edt v nov\u00e9 z\u00e1lo\u017ece a soubor se st\u00e1hne. Na oprav\u011b pracujeme)<\/p>\n\n\n\n<hr class=\"wp-block-separator has-text-color has-black-color has-alpha-channel-opacity has-black-background-color has-background is-style-dots\"\/>\n\n\n\n<p>Co bude va\u0161e d\u00edt\u011b pot\u0159ebovat<\/p>\n\n\n\n<p>http:\/\/ds-tlapky.cz\/wp-content\/uploads\/2022\/07\/seznam-veci.docx<\/p>\n\n\n\n<hr class=\"wp-block-separator has-alpha-channel-opacity\"\/>\n\n\n\n<p>Provozn\u00ed \u0159\u00e1d<\/p>\n\n\n\n<p>http:\/\/ds-tlapky.cz\/wp-content\/uploads\/2022\/07\/Provozni-rad_-DS-Tlapky.docx<\/p>\n\n\n\n<hr class=\"wp-block-separator has-alpha-channel-opacity\"\/>\n\n\n\n<p>Pl\u00e1n V\u00fdchovy a p\u00e9\u010de<\/p>\n\n\n\n<p>http:\/\/ds-tlapky.cz\/wp-content\/uploads\/2022\/07\/Plan-vychovy-a-pece-v-Detske-skupine-Tlapky.docx<\/p>\n\n\n\n<hr class=\"wp-block-separator has-alpha-channel-opacity\"\/>\n\n\n\n<p>Adapta\u010dn\u00ed program<\/p>\n\n\n\n<p>http:\/\/ds-tlapky.cz\/wp-content\/uploads\/2022\/07\/Adaptacni-program.docx<\/p>\n\n\n\n<hr class=\"wp-block-separator has-alpha-channel-opacity\"\/>\n\n\n\n<p><\/p>\n\n\n\n<hr class=\"wp-block-separator has-alpha-channel-opacity\"\/>\n\n\n\n<hr class=\"wp-block-separator has-alpha-channel-opacity\"\/>\n\n\n\n<hr class=\"wp-block-separator has-alpha-channel-opacity\"\/>\n\n\n\n<hr class=\"wp-block-separator has-alpha-channel-opacity\"\/>\n","protected":false},"excerpt":{"rendered":"<p>(Omlouv\u00e1me se, za nefunk\u010dn\u00ed odkazy &#8211; sta\u010d\u00ed je zkop\u00edrovat a otev\u0159\u00edt v nov\u00e9 z\u00e1lo\u017ece a soubor se st\u00e1hne. Na oprav\u011b pracujeme) Co bude va\u0161e d\u00edt\u011b pot\u0159ebovat http:\/\/ds-tlapky.cz\/wp-content\/uploads\/2022\/07\/seznam-veci.docx Provozn\u00ed \u0159\u00e1d http:\/\/ds-tlapky.cz\/wp-content\/uploads\/2022\/07\/Provozni-rad_-DS-Tlapky.docx Pl\u00e1n V\u00fdchovy a p\u00e9\u010de http:\/\/ds-tlapky.cz\/wp-content\/uploads\/2022\/07\/Plan-vychovy-a-pece-v-Detske-skupine-Tlapky.docx Adapta\u010dn\u00ed program http:\/\/ds-tlapky.cz\/wp-content\/uploads\/2022\/07\/Adaptacni-program.docx<\/p>\n","protected":false},"author":1,"featured_media":0,"parent":0,"menu_order":0,"comment_status":"closed","ping_status":"closed","template":"","meta":[],"yoast_head":"<!-- This site is optimized with the Yoast SEO plugin v19.6 - https:\/\/yoast.com\/wordpress\/plugins\/seo\/ -->\n<title>Dokumenty ke sta\u017een\u00ed - D\u011btsk\u00e1 Skupina Tlapky<\/title>\n<meta name=\"robots\" content=\"index, follow, max-snippet:-1, max-image-preview:large, max-video-preview:-1\" \/>\n<link rel=\"canonical\" href=\"http:\/\/ds-tlapky.cz\/?page_id=391\" \/>\n<meta property=\"og:locale\" content=\"cs_CZ\" \/>\n<meta property=\"og:type\" content=\"article\" \/>\n<meta property=\"og:title\" content=\"Dokumenty ke sta\u017een\u00ed - D\u011btsk\u00e1 Skupina Tlapky\" \/>\n<meta property=\"og:description\" content=\"(Omlouv\u00e1me se, za nefunk\u010dn\u00ed odkazy &#8211; sta\u010d\u00ed je zkop\u00edrovat a otev\u0159\u00edt v nov\u00e9 z\u00e1lo\u017ece a soubor se st\u00e1hne. Na oprav\u011b pracujeme) Co bude va\u0161e d\u00edt\u011b pot\u0159ebovat http:\/\/ds-tlapky.cz\/wp-content\/uploads\/2022\/07\/seznam-veci.docx Provozn\u00ed \u0159\u00e1d http:\/\/ds-tlapky.cz\/wp-content\/uploads\/2022\/07\/Provozni-rad_-DS-Tlapky.docx Pl\u00e1n V\u00fdchovy a p\u00e9\u010de http:\/\/ds-tlapky.cz\/wp-content\/uploads\/2022\/07\/Plan-vychovy-a-pece-v-Detske-skupine-Tlapky.docx Adapta\u010dn\u00ed program http:\/\/ds-tlapky.cz\/wp-content\/uploads\/2022\/07\/Adaptacni-program.docx\" \/>\n<meta property=\"og:url\" content=\"http:\/\/ds-tlapky.cz\/?page_id=391\" \/>\n<meta property=\"og:site_name\" content=\"D\u011btsk\u00e1 Skupina Tlapky\" \/>\n<meta property=\"article:publisher\" content=\"https:\/\/www.facebook.com\/dsTlapky\" \/>\n<meta property=\"article:modified_time\" content=\"2022-08-23T20:04:24+00:00\" \/>\n<meta name=\"twitter:card\" content=\"summary_large_image\" \/>\n<meta name=\"twitter:label1\" content=\"Odhadovan\u00e1 doba \u010dten\u00ed\" \/>\n\t<meta name=\"twitter:data1\" content=\"1 minuta\" \/>\n<script type=\"application\/ld+json\" class=\"yoast-schema-graph\">{\"@context\":\"https:\/\/schema.org\",\"@graph\":[{\"@type\":\"WebPage\",\"@id\":\"http:\/\/ds-tlapky.cz\/?page_id=391\",\"url\":\"http:\/\/ds-tlapky.cz\/?page_id=391\",\"name\":\"Dokumenty ke sta\u017een\u00ed - D\u011btsk\u00e1 Skupina Tlapky\",\"isPartOf\":{\"@id\":\"http:\/\/ds-tlapky.cz\/#website\"},\"datePublished\":\"2022-07-16T19:02:31+00:00\",\"dateModified\":\"2022-08-23T20:04:24+00:00\",\"breadcrumb\":{\"@id\":\"http:\/\/ds-tlapky.cz\/?page_id=391#breadcrumb\"},\"inLanguage\":\"cs\",\"potentialAction\":[{\"@type\":\"ReadAction\",\"target\":[\"http:\/\/ds-tlapky.cz\/?page_id=391\"]}]},{\"@type\":\"BreadcrumbList\",\"@id\":\"http:\/\/ds-tlapky.cz\/?page_id=391#breadcrumb\",\"itemListElement\":[{\"@type\":\"ListItem\",\"position\":1,\"name\":\"Dom\u016f\",\"item\":\"http:\/\/ds-tlapky.cz\/\"},{\"@type\":\"ListItem\",\"position\":2,\"name\":\"Dokumenty ke sta\u017een\u00ed\"}]},{\"@type\":\"WebSite\",\"@id\":\"http:\/\/ds-tlapky.cz\/#website\",\"url\":\"http:\/\/ds-tlapky.cz\/\",\"name\":\"ds-tlapky.cz\",\"description\":\"D\u011btsk\u00e1 skupina Tlapky Plze\u0148\",\"publisher\":{\"@id\":\"http:\/\/ds-tlapky.cz\/#organization\"},\"potentialAction\":[{\"@type\":\"SearchAction\",\"target\":{\"@type\":\"EntryPoint\",\"urlTemplate\":\"http:\/\/ds-tlapky.cz\/?s={search_term_string}\"},\"query-input\":\"required name=search_term_string\"}],\"inLanguage\":\"cs\"},{\"@type\":\"Organization\",\"@id\":\"http:\/\/ds-tlapky.cz\/#organization\",\"name\":\"D\u011btsk\u00e1 skupina Tlapky\",\"url\":\"http:\/\/ds-tlapky.cz\/\",\"sameAs\":[\"https:\/\/www.instagram.com\/ds_tlapky\/\",\"https:\/\/www.facebook.com\/dsTlapky\"],\"logo\":{\"@type\":\"ImageObject\",\"inLanguage\":\"cs\",\"@id\":\"http:\/\/ds-tlapky.cz\/#\/schema\/logo\/image\/\",\"url\":\"https:\/\/ds-tlapky.cz\/wp-content\/uploads\/2020\/08\/LOGO.png\",\"contentUrl\":\"https:\/\/ds-tlapky.cz\/wp-content\/uploads\/2020\/08\/LOGO.png\",\"width\":3000,\"height\":3000,\"caption\":\"D\u011btsk\u00e1 skupina Tlapky\"},\"image\":{\"@id\":\"http:\/\/ds-tlapky.cz\/#\/schema\/logo\/image\/\"}}]}<\/script>\n<!-- \/ Yoast SEO plugin. -->","yoast_head_json":{"title":"Dokumenty ke sta\u017een\u00ed - D\u011btsk\u00e1 Skupina Tlapky","robots":{"index":"index","follow":"follow","max-snippet":"max-snippet:-1","max-image-preview":"max-image-preview:large","max-video-preview":"max-video-preview:-1"},"canonical":"http:\/\/ds-tlapky.cz\/?page_id=391","og_locale":"cs_CZ","og_type":"article","og_title":"Dokumenty ke sta\u017een\u00ed - D\u011btsk\u00e1 Skupina Tlapky","og_description":"(Omlouv\u00e1me se, za nefunk\u010dn\u00ed odkazy &#8211; sta\u010d\u00ed je zkop\u00edrovat a otev\u0159\u00edt v nov\u00e9 z\u00e1lo\u017ece a soubor se st\u00e1hne. Na oprav\u011b pracujeme) Co bude va\u0161e d\u00edt\u011b pot\u0159ebovat http:\/\/ds-tlapky.cz\/wp-content\/uploads\/2022\/07\/seznam-veci.docx Provozn\u00ed \u0159\u00e1d http:\/\/ds-tlapky.cz\/wp-content\/uploads\/2022\/07\/Provozni-rad_-DS-Tlapky.docx Pl\u00e1n V\u00fdchovy a p\u00e9\u010de http:\/\/ds-tlapky.cz\/wp-content\/uploads\/2022\/07\/Plan-vychovy-a-pece-v-Detske-skupine-Tlapky.docx Adapta\u010dn\u00ed program http:\/\/ds-tlapky.cz\/wp-content\/uploads\/2022\/07\/Adaptacni-program.docx","og_url":"http:\/\/ds-tlapky.cz\/?page_id=391","og_site_name":"D\u011btsk\u00e1 Skupina Tlapky","article_publisher":"https:\/\/www.facebook.com\/dsTlapky","article_modified_time":"2022-08-23T20:04:24+00:00","twitter_card":"summary_large_image","twitter_misc":{"Odhadovan\u00e1 doba \u010dten\u00ed":"1 minuta"},"schema":{"@context":"https:\/\/schema.org","@graph":[{"@type":"WebPage","@id":"http:\/\/ds-tlapky.cz\/?page_id=391","url":"http:\/\/ds-tlapky.cz\/?page_id=391","name":"Dokumenty ke sta\u017een\u00ed - D\u011btsk\u00e1 Skupina Tlapky","isPartOf":{"@id":"http:\/\/ds-tlapky.cz\/#website"},"datePublished":"2022-07-16T19:02:31+00:00","dateModified":"2022-08-23T20:04:24+00:00","breadcrumb":{"@id":"http:\/\/ds-tlapky.cz\/?page_id=391#breadcrumb"},"inLanguage":"cs","potentialAction":[{"@type":"ReadAction","target":["http:\/\/ds-tlapky.cz\/?page_id=391"]}]},{"@type":"BreadcrumbList","@id":"http:\/\/ds-tlapky.cz\/?page_id=391#breadcrumb","itemListElement":[{"@type":"ListItem","position":1,"name":"Dom\u016f","item":"http:\/\/ds-tlapky.cz\/"},{"@type":"ListItem","position":2,"name":"Dokumenty ke sta\u017een\u00ed"}]},{"@type":"WebSite","@id":"http:\/\/ds-tlapky.cz\/#website","url":"http:\/\/ds-tlapky.cz\/","name":"ds-tlapky.cz","description":"D\u011btsk\u00e1 skupina Tlapky Plze\u0148","publisher":{"@id":"http:\/\/ds-tlapky.cz\/#organization"},"potentialAction":[{"@type":"SearchAction","target":{"@type":"EntryPoint","urlTemplate":"http:\/\/ds-tlapky.cz\/?s={search_term_string}"},"query-input":"required name=search_term_string"}],"inLanguage":"cs"},{"@type":"Organization","@id":"http:\/\/ds-tlapky.cz\/#organization","name":"D\u011btsk\u00e1 skupina Tlapky","url":"http:\/\/ds-tlapky.cz\/","sameAs":["https:\/\/www.instagram.com\/ds_tlapky\/","https:\/\/www.facebook.com\/dsTlapky"],"logo":{"@type":"ImageObject","inLanguage":"cs","@id":"http:\/\/ds-tlapky.cz\/#\/schema\/logo\/image\/","url":"https:\/\/ds-tlapky.cz\/wp-content\/uploads\/2020\/08\/LOGO.png","contentUrl":"https:\/\/ds-tlapky.cz\/wp-content\/uploads\/2020\/08\/LOGO.png","width":3000,"height":3000,"caption":"D\u011btsk\u00e1 skupina Tlapky"},"image":{"@id":"http:\/\/ds-tlapky.cz\/#\/schema\/logo\/image\/"}}]}},"_links":{"self":[{"href":"https:\/\/ds-tlapky.cz\/index.php?rest_route=\/wp\/v2\/pages\/391"}],"collection":[{"href":"https:\/\/ds-tlapky.cz\/index.php?rest_route=\/wp\/v2\/pages"}],"about":[{"href":"https:\/\/ds-tlapky.cz\/index.php?rest_route=\/wp\/v2\/types\/page"}],"author":[{"embeddable":true,"href":"https:\/\/ds-tlapky.cz\/index.php?rest_route=\/wp\/v2\/users\/1"}],"replies":[{"embeddable":true,"href":"https:\/\/ds-tlapky.cz\/index.php?rest_route=%2Fwp%2Fv2%2Fcomments&post=391"}],"version-history":[{"count":10,"href":"https:\/\/ds-tlapky.cz\/index.php?rest_route=\/wp\/v2\/pages\/391\/revisions"}],"predecessor-version":[{"id":412,"href":"https:\/\/ds-tlapky.cz\/index.php?rest_route=\/wp\/v2\/pages\/391\/revisions\/412"}],"wp:attachment":[{"href":"https:\/\/ds-tlapky.cz\/index.php?rest_route=%2Fwp%2Fv2%2Fmedia&parent=391"}],"curies":[{"name":"wp","href":"https:\/\/api.w.org\/{rel}","templated":true}]}}