{"id":2,"date":"2020-08-02T20:56:05","date_gmt":"2020-08-02T20:56:05","guid":{"rendered":"http:\/\/ds-tlapky.cz\/?page_id=2"},"modified":"2025-04-22T12:05:28","modified_gmt":"2025-04-22T10:05:28","slug":"uvodni-stranka","status":"publish","type":"page","link":"https:\/\/ds-tlapky.cz\/","title":{"rendered":""},"content":{"rendered":"<h1 style=\"text-align: center;\"><strong><em>V\u00edt\u00e1me V\u00e1s na str\u00e1nk\u00e1ch d\u011btsk\u00e9 skupiny Tlapky. <\/em><\/strong><\/h1>\n\n\n<p class=\"has-text-align-center\"><strong><em>Zaji\u0161\u0165ujeme v\u00fdchovu a vzd\u011bl\u00e1v\u00e1n\u00ed d\u011bt\u00ed od jednoho roku do p\u0159ed\u0161koln\u00edho v\u011bku. <\/em><\/strong><\/p>\n\n\n\n<p class=\"has-text-align-center\"><strong><em>V na\u0161\u00ed skupin\u011b klademe d\u016fraz na individualitu a jedine\u010dnost ka\u017ed\u00e9ho d\u00edt\u011bte. <\/em><\/strong><\/p>\n\n\n\n<p><\/p>\n\n\n\n<div style=\"height:46px\" aria-hidden=\"true\" class=\"wp-block-spacer\"><\/div>\n\n\n\n<p class=\"has-text-align-center has-normal-font-size\"><strong><em>Na co se u n\u00e1s mohou d\u011bti t\u011b\u0161it:<\/em><\/strong><\/p>\n\n\n<p class=\"has-text-align-center\" style=\"font-size: 28px;\"><em>pravideln\u00e9 n\u00e1v\u0161t\u011bvy<\/em><strong><em> soln\u00e9 jeskyn\u011b<\/em><\/strong> \ud83e\ude94<\/p>\n<p class=\"has-text-align-center\" style=\"font-size: 28px;\">pravideln\u00e9 hodiny L<strong><em>ogopedie<\/em><\/strong> \ud83d\udc45<\/p>\n<p class=\"has-text-align-center\" style=\"font-size: 28px;\">pravideln\u00e9 <strong>Lekce Angli\u010dtiny<\/strong> \ud83c\udf93<\/p>\n<p class=\"has-text-align-center\" style=\"font-size: 28px;\"><strong>Cvi\u010den\u00ed dle modern\u00edch metod pro d\u011bti<\/strong> \ud83c\udfcb\ufe0f<\/p>\n<p style=\"text-align: center;\"><strong>n\u00e1v\u0161t\u011bvy <em>zv\u00ed\u0159ec\u00edho centra v Plzni<\/em> \ud83e\udda5<\/strong><\/p>\n<p style=\"text-align: center;\">V\u00edce informac\u00ed o aktivit\u00e1ch se dozv\u00edte <a href=\"https:\/\/ds-tlapky.cz\/denni-harmonogram\/\">zde<\/a><\/p>\n\n\n<h2 class=\"has-text-align-center\">Novinky<\/h2>\n\n\n<ul class=\"wp-block-latest-posts__list is-grid columns-3 has-dates aligncenter wp-block-latest-posts\"><li><div class=\"wp-block-latest-posts__featured-image\"><img width=\"300\" height=\"300\" src=\"https:\/\/ds-tlapky.cz\/wp-content\/uploads\/2024\/04\/Volna-1-300x300.png\" class=\"attachment-medium size-medium wp-post-image\" alt=\"\" loading=\"lazy\" style=\"\" srcset=\"https:\/\/ds-tlapky.cz\/wp-content\/uploads\/2024\/04\/Volna-1-300x300.png 300w, https:\/\/ds-tlapky.cz\/wp-content\/uploads\/2024\/04\/Volna-1-1024x1024.png 1024w, https:\/\/ds-tlapky.cz\/wp-content\/uploads\/2024\/04\/Volna-1-150x150.png 150w, https:\/\/ds-tlapky.cz\/wp-content\/uploads\/2024\/04\/Volna-1-768x768.png 768w, https:\/\/ds-tlapky.cz\/wp-content\/uploads\/2024\/04\/Volna-1-640x640.png 640w, https:\/\/ds-tlapky.cz\/wp-content\/uploads\/2024\/04\/Volna-1-240x240.png 240w, https:\/\/ds-tlapky.cz\/wp-content\/uploads\/2024\/04\/Volna-1-110x110.png 110w, https:\/\/ds-tlapky.cz\/wp-content\/uploads\/2024\/04\/Volna-1-50x50.png 50w, https:\/\/ds-tlapky.cz\/wp-content\/uploads\/2024\/04\/Volna-1.png 1080w\" sizes=\"(max-width: 300px) 100vw, 300px\" \/><\/div><a class=\"wp-block-latest-posts__post-title\" href=\"https:\/\/ds-tlapky.cz\/?p=453\">Z\u00e1pis do na\u0161ich nov\u00fdch d\u011btsk\u00fdch skupin<\/a><time datetime=\"2024-04-02T11:57:58+02:00\" class=\"wp-block-latest-posts__post-date\">2 dubna, 2024<\/time><div class=\"wp-block-latest-posts__post-excerpt\">Na \u0161koln\u00ed rok 2025\/2026 otev\u00edr\u00e1me z\u00e1pisy d\u011bt\u00ed do na\u0161ich dvou nov\u00fdch d\u011btsk\u00fdch skupin &#8211; Pejsci a Ko\u010di\u010dky. Jedn\u00e1 se o d\u011btsk\u00e9 skupiny v ulici Ovocn\u00e1 v Plzni Doudlevc\u00edch , kde jsme pro va\u0161e nejmen\u0161\u00ed p\u0159ipravili kr\u00e1sn\u00e9 nov\u00e9 prostory s velkou [&hellip;]<\/div><\/li>\n<\/ul>","protected":false},"excerpt":{"rendered":"<p>V\u00edt\u00e1me V\u00e1s na str\u00e1nk\u00e1ch d\u011btsk\u00e9 skupiny Tlapky. Zaji\u0161\u0165ujeme v\u00fdchovu a vzd\u011bl\u00e1v\u00e1n\u00ed d\u011bt\u00ed od jednoho roku do p\u0159ed\u0161koln\u00edho v\u011bku. V na\u0161\u00ed skupin\u011b klademe d\u016fraz na individualitu a jedine\u010dnost ka\u017ed\u00e9ho d\u00edt\u011bte. Na co se u n\u00e1s mohou d\u011bti t\u011b\u0161it: pravideln\u00e9 n\u00e1v\u0161t\u011bvy soln\u00e9 [&hellip;]<\/p>\n","protected":false},"author":1,"featured_media":0,"parent":0,"menu_order":0,"comment_status":"closed","ping_status":"open","template":"","meta":[],"yoast_head":"<!-- This site is optimized with the Yoast SEO plugin v19.6 - https:\/\/yoast.com\/wordpress\/plugins\/seo\/ -->\n<title>- D\u011btsk\u00e1 Skupina Tlapky<\/title>\n<meta name=\"description\" content=\"D\u011btsk\u00e1 skupina - alternatica klasick\u00e9 mate\u0159sk\u00e9 \u0161kolky, se s\u00eddlem v Plzni na adrese Kopern\u00edkova 15, kterou bude va\u0161e d\u00edt\u011b zbo\u017e\u0148ovat! A vy tak\u00e9!\" \/>\n<meta name=\"robots\" content=\"index, follow, max-snippet:-1, max-image-preview:large, max-video-preview:-1\" \/>\n<link rel=\"canonical\" href=\"http:\/\/ds-tlapky.cz\/\" \/>\n<meta property=\"og:locale\" content=\"cs_CZ\" \/>\n<meta property=\"og:type\" content=\"article\" \/>\n<meta property=\"og:title\" content=\"- D\u011btsk\u00e1 Skupina Tlapky\" \/>\n<meta property=\"og:description\" content=\"D\u011btsk\u00e1 skupina - alternatica klasick\u00e9 mate\u0159sk\u00e9 \u0161kolky, se s\u00eddlem v Plzni na adrese Kopern\u00edkova 15, kterou bude va\u0161e d\u00edt\u011b zbo\u017e\u0148ovat! A vy tak\u00e9!\" \/>\n<meta property=\"og:url\" content=\"http:\/\/ds-tlapky.cz\/\" \/>\n<meta property=\"og:site_name\" content=\"D\u011btsk\u00e1 Skupina Tlapky\" \/>\n<meta property=\"article:publisher\" content=\"https:\/\/www.facebook.com\/dsTlapky\" \/>\n<meta property=\"article:modified_time\" content=\"2025-04-22T10:05:28+00:00\" \/>\n<meta name=\"twitter:card\" content=\"summary_large_image\" \/>\n<meta name=\"twitter:label1\" content=\"Odhadovan\u00e1 doba \u010dten\u00ed\" \/>\n\t<meta name=\"twitter:data1\" content=\"1 minuta\" \/>\n<script type=\"application\/ld+json\" class=\"yoast-schema-graph\">{\"@context\":\"https:\/\/schema.org\",\"@graph\":[{\"@type\":[\"WebPage\",\"ProfilePage\"],\"@id\":\"http:\/\/ds-tlapky.cz\/\",\"url\":\"http:\/\/ds-tlapky.cz\/\",\"name\":\"- D\u011btsk\u00e1 Skupina Tlapky\",\"isPartOf\":{\"@id\":\"http:\/\/ds-tlapky.cz\/#website\"},\"datePublished\":\"2020-08-02T20:56:05+00:00\",\"dateModified\":\"2025-04-22T10:05:28+00:00\",\"description\":\"D\u011btsk\u00e1 skupina - alternatica klasick\u00e9 mate\u0159sk\u00e9 \u0161kolky, se s\u00eddlem v Plzni na adrese Kopern\u00edkova 15, kterou bude va\u0161e d\u00edt\u011b zbo\u017e\u0148ovat! A vy tak\u00e9!\",\"breadcrumb\":{\"@id\":\"http:\/\/ds-tlapky.cz\/#breadcrumb\"},\"inLanguage\":\"cs\",\"potentialAction\":[{\"@type\":\"ReadAction\",\"target\":[\"http:\/\/ds-tlapky.cz\/\"]}]},{\"@type\":\"BreadcrumbList\",\"@id\":\"http:\/\/ds-tlapky.cz\/#breadcrumb\",\"itemListElement\":[{\"@type\":\"ListItem\",\"position\":1,\"name\":\"Dom\u016f\",\"item\":\"http:\/\/ds-tlapky.cz\/\"},{\"@type\":\"ListItem\",\"position\":2,\"name\":\"\"}]},{\"@type\":\"WebSite\",\"@id\":\"http:\/\/ds-tlapky.cz\/#website\",\"url\":\"http:\/\/ds-tlapky.cz\/\",\"name\":\"ds-tlapky.cz\",\"description\":\"D\u011btsk\u00e1 skupina Tlapky Plze\u0148\",\"publisher\":{\"@id\":\"http:\/\/ds-tlapky.cz\/#organization\"},\"potentialAction\":[{\"@type\":\"SearchAction\",\"target\":{\"@type\":\"EntryPoint\",\"urlTemplate\":\"http:\/\/ds-tlapky.cz\/?s={search_term_string}\"},\"query-input\":\"required name=search_term_string\"}],\"inLanguage\":\"cs\"},{\"@type\":\"Organization\",\"@id\":\"http:\/\/ds-tlapky.cz\/#organization\",\"name\":\"D\u011btsk\u00e1 skupina Tlapky\",\"url\":\"http:\/\/ds-tlapky.cz\/\",\"sameAs\":[\"https:\/\/www.instagram.com\/ds_tlapky\/\",\"https:\/\/www.facebook.com\/dsTlapky\"],\"logo\":{\"@type\":\"ImageObject\",\"inLanguage\":\"cs\",\"@id\":\"http:\/\/ds-tlapky.cz\/#\/schema\/logo\/image\/\",\"url\":\"https:\/\/ds-tlapky.cz\/wp-content\/uploads\/2020\/08\/LOGO.png\",\"contentUrl\":\"https:\/\/ds-tlapky.cz\/wp-content\/uploads\/2020\/08\/LOGO.png\",\"width\":3000,\"height\":3000,\"caption\":\"D\u011btsk\u00e1 skupina Tlapky\"},\"image\":{\"@id\":\"http:\/\/ds-tlapky.cz\/#\/schema\/logo\/image\/\"}}]}<\/script>\n<!-- \/ Yoast SEO plugin. -->","yoast_head_json":{"title":"- D\u011btsk\u00e1 Skupina Tlapky","description":"D\u011btsk\u00e1 skupina - alternatica klasick\u00e9 mate\u0159sk\u00e9 \u0161kolky, se s\u00eddlem v Plzni na adrese Kopern\u00edkova 15, kterou bude va\u0161e d\u00edt\u011b zbo\u017e\u0148ovat! A vy tak\u00e9!","robots":{"index":"index","follow":"follow","max-snippet":"max-snippet:-1","max-image-preview":"max-image-preview:large","max-video-preview":"max-video-preview:-1"},"canonical":"http:\/\/ds-tlapky.cz\/","og_locale":"cs_CZ","og_type":"article","og_title":"- D\u011btsk\u00e1 Skupina Tlapky","og_description":"D\u011btsk\u00e1 skupina - alternatica klasick\u00e9 mate\u0159sk\u00e9 \u0161kolky, se s\u00eddlem v Plzni na adrese Kopern\u00edkova 15, kterou bude va\u0161e d\u00edt\u011b zbo\u017e\u0148ovat! A vy tak\u00e9!","og_url":"http:\/\/ds-tlapky.cz\/","og_site_name":"D\u011btsk\u00e1 Skupina Tlapky","article_publisher":"https:\/\/www.facebook.com\/dsTlapky","article_modified_time":"2025-04-22T10:05:28+00:00","twitter_card":"summary_large_image","twitter_misc":{"Odhadovan\u00e1 doba \u010dten\u00ed":"1 minuta"},"schema":{"@context":"https:\/\/schema.org","@graph":[{"@type":["WebPage","ProfilePage"],"@id":"http:\/\/ds-tlapky.cz\/","url":"http:\/\/ds-tlapky.cz\/","name":"- D\u011btsk\u00e1 Skupina Tlapky","isPartOf":{"@id":"http:\/\/ds-tlapky.cz\/#website"},"datePublished":"2020-08-02T20:56:05+00:00","dateModified":"2025-04-22T10:05:28+00:00","description":"D\u011btsk\u00e1 skupina - alternatica klasick\u00e9 mate\u0159sk\u00e9 \u0161kolky, se s\u00eddlem v Plzni na adrese Kopern\u00edkova 15, kterou bude va\u0161e d\u00edt\u011b zbo\u017e\u0148ovat! A vy tak\u00e9!","breadcrumb":{"@id":"http:\/\/ds-tlapky.cz\/#breadcrumb"},"inLanguage":"cs","potentialAction":[{"@type":"ReadAction","target":["http:\/\/ds-tlapky.cz\/"]}]},{"@type":"BreadcrumbList","@id":"http:\/\/ds-tlapky.cz\/#breadcrumb","itemListElement":[{"@type":"ListItem","position":1,"name":"Dom\u016f","item":"http:\/\/ds-tlapky.cz\/"},{"@type":"ListItem","position":2,"name":""}]},{"@type":"WebSite","@id":"http:\/\/ds-tlapky.cz\/#website","url":"http:\/\/ds-tlapky.cz\/","name":"ds-tlapky.cz","description":"D\u011btsk\u00e1 skupina Tlapky Plze\u0148","publisher":{"@id":"http:\/\/ds-tlapky.cz\/#organization"},"potentialAction":[{"@type":"SearchAction","target":{"@type":"EntryPoint","urlTemplate":"http:\/\/ds-tlapky.cz\/?s={search_term_string}"},"query-input":"required name=search_term_string"}],"inLanguage":"cs"},{"@type":"Organization","@id":"http:\/\/ds-tlapky.cz\/#organization","name":"D\u011btsk\u00e1 skupina Tlapky","url":"http:\/\/ds-tlapky.cz\/","sameAs":["https:\/\/www.instagram.com\/ds_tlapky\/","https:\/\/www.facebook.com\/dsTlapky"],"logo":{"@type":"ImageObject","inLanguage":"cs","@id":"http:\/\/ds-tlapky.cz\/#\/schema\/logo\/image\/","url":"https:\/\/ds-tlapky.cz\/wp-content\/uploads\/2020\/08\/LOGO.png","contentUrl":"https:\/\/ds-tlapky.cz\/wp-content\/uploads\/2020\/08\/LOGO.png","width":3000,"height":3000,"caption":"D\u011btsk\u00e1 skupina Tlapky"},"image":{"@id":"http:\/\/ds-tlapky.cz\/#\/schema\/logo\/image\/"}}]}},"_links":{"self":[{"href":"https:\/\/ds-tlapky.cz\/index.php?rest_route=\/wp\/v2\/pages\/2"}],"collection":[{"href":"https:\/\/ds-tlapky.cz\/index.php?rest_route=\/wp\/v2\/pages"}],"about":[{"href":"https:\/\/ds-tlapky.cz\/index.php?rest_route=\/wp\/v2\/types\/page"}],"author":[{"embeddable":true,"href":"https:\/\/ds-tlapky.cz\/index.php?rest_route=\/wp\/v2\/users\/1"}],"replies":[{"embeddable":true,"href":"https:\/\/ds-tlapky.cz\/index.php?rest_route=%2Fwp%2Fv2%2Fcomments&post=2"}],"version-history":[{"count":40,"href":"https:\/\/ds-tlapky.cz\/index.php?rest_route=\/wp\/v2\/pages\/2\/revisions"}],"predecessor-version":[{"id":486,"href":"https:\/\/ds-tlapky.cz\/index.php?rest_route=\/wp\/v2\/pages\/2\/revisions\/486"}],"wp:attachment":[{"href":"https:\/\/ds-tlapky.cz\/index.php?rest_route=%2Fwp%2Fv2%2Fmedia&parent=2"}],"curies":[{"name":"wp","href":"https:\/\/api.w.org\/{rel}","templated":true}]}}