{"id":100,"date":"2020-08-07T10:50:29","date_gmt":"2020-08-07T10:50:29","guid":{"rendered":"http:\/\/ds-tlapky.cz\/?page_id=100"},"modified":"2025-04-22T12:07:46","modified_gmt":"2025-04-22T10:07:46","slug":"denni-harmonogram","status":"publish","type":"page","link":"https:\/\/ds-tlapky.cz\/?page_id=100","title":{"rendered":"\ud83e\udd39\ud83c\udffb Denn\u00ed harmonogram \ud83e\udd39\ud83c\udffb"},"content":{"rendered":"\n<figure class=\"wp-block-table alignwide is-style-stripes\"><table class=\"has-background\" style=\"background-color:#e7f5fe\"><thead><tr><th>\u010cas<\/th><th>\u010cinnost<\/th><\/tr><\/thead><tbody><tr><td>7.00\u2013 8.30<\/td><td>P\u0159\u00edchod d\u011bt\u00ed do DS, voln\u00e1 hra<\/td><\/tr><tr><td>8.30 \u2013 9.00<\/td><td>V\u00edt\u00e1n\u00ed se s d\u011btmi a sezn\u00e1men\u00ed s aktivitami na dan\u00fd den&nbsp;<\/td><\/tr><tr><td>9.00 \u2013 9.30<\/td><td>Sva\u010dina, hygiena<\/td><\/tr><tr><td>9.30 \u2013 11.30<\/td><td>Hlavn\u00ed dopoledn\u00ed aktivita dan\u00e9ho dne a pobyt venku<\/td><\/tr><tr><td>11.30 \u2013 12.15<\/td><td>Ob\u011bd, hygiena<\/td><\/tr><tr><td>12.15 \u2013 12.30<\/td><td>Vyzved\u00e1v\u00e1n\u00ed d\u011bt\u00ed po ob\u011bd\u011b, poslechov\u00e9 \u010dinnosti<\/td><\/tr><tr><td>12.30\u2013 14.30<\/td><td>Odpo\u010dinek a relaxace, star\u0161\u00ed d\u011bti klidov\u00e9 \u010dinnosti<\/td><\/tr><tr><td>14.30\u2013 16:30<\/td><td>Sva\u010dina, voln\u00e1 hra, vyzved\u00e1v\u00e1n\u00ed d\u011bt\u00ed<\/td><\/tr><tr><td><\/td><td><\/td><\/tr><\/tbody><\/table><\/figure>\n\n\n\n<p><\/p>\n","protected":false},"excerpt":{"rendered":"<p>\u010cas \u010cinnost 7.00\u2013 8.30 P\u0159\u00edchod d\u011bt\u00ed do DS, voln\u00e1 hra 8.30 \u2013 9.00 V\u00edt\u00e1n\u00ed se s d\u011btmi a sezn\u00e1men\u00ed s aktivitami na dan\u00fd den&nbsp; 9.00 \u2013 9.30 Sva\u010dina, hygiena 9.30 \u2013 11.30 Hlavn\u00ed dopoledn\u00ed aktivita dan\u00e9ho dne a pobyt venku [&hellip;]<\/p>\n","protected":false},"author":1,"featured_media":0,"parent":0,"menu_order":0,"comment_status":"closed","ping_status":"closed","template":"","meta":[],"yoast_head":"<!-- This site is optimized with the Yoast SEO plugin v19.6 - https:\/\/yoast.com\/wordpress\/plugins\/seo\/ -->\n<title>\ud83e\udd39\ud83c\udffb Denn\u00ed harmonogram \ud83e\udd39\ud83c\udffb - D\u011btsk\u00e1 Skupina Tlapky<\/title>\n<meta name=\"description\" content=\"Denn\u00ed rozvrh d\u011btsk\u00e9 skupiny Tlapky, podle kter\u00e9ho se \u0159\u00edd\u00edme p\u0159i v\u00fdchov\u011b d\u011bt\u00ed a vy tak budete v\u011bd\u011bt co si va\u0161e ratolesti pr\u00e1v\u011b u\u017e\u00edvaj\u00ed.\" \/>\n<meta name=\"robots\" content=\"index, follow, max-snippet:-1, max-image-preview:large, max-video-preview:-1\" \/>\n<link rel=\"canonical\" href=\"https:\/\/ds-tlapky.cz\/?page_id=100\" \/>\n<meta property=\"og:locale\" content=\"cs_CZ\" \/>\n<meta property=\"og:type\" content=\"article\" \/>\n<meta property=\"og:title\" content=\"\ud83e\udd39\ud83c\udffb Denn\u00ed harmonogram \ud83e\udd39\ud83c\udffb - D\u011btsk\u00e1 Skupina Tlapky\" \/>\n<meta property=\"og:description\" content=\"Denn\u00ed rozvrh d\u011btsk\u00e9 skupiny Tlapky, podle kter\u00e9ho se \u0159\u00edd\u00edme p\u0159i v\u00fdchov\u011b d\u011bt\u00ed a vy tak budete v\u011bd\u011bt co si va\u0161e ratolesti pr\u00e1v\u011b u\u017e\u00edvaj\u00ed.\" \/>\n<meta property=\"og:url\" content=\"https:\/\/ds-tlapky.cz\/?page_id=100\" \/>\n<meta property=\"og:site_name\" content=\"D\u011btsk\u00e1 Skupina Tlapky\" \/>\n<meta property=\"article:publisher\" content=\"https:\/\/www.facebook.com\/dsTlapky\" \/>\n<meta property=\"article:modified_time\" content=\"2025-04-22T10:07:46+00:00\" \/>\n<meta name=\"twitter:card\" content=\"summary_large_image\" \/>\n<meta name=\"twitter:label1\" content=\"Odhadovan\u00e1 doba \u010dten\u00ed\" \/>\n\t<meta name=\"twitter:data1\" content=\"1 minuta\" \/>\n<script type=\"application\/ld+json\" class=\"yoast-schema-graph\">{\"@context\":\"https:\/\/schema.org\",\"@graph\":[{\"@type\":\"WebPage\",\"@id\":\"https:\/\/ds-tlapky.cz\/?page_id=100\",\"url\":\"https:\/\/ds-tlapky.cz\/?page_id=100\",\"name\":\"\ud83e\udd39\ud83c\udffb Denn\u00ed harmonogram \ud83e\udd39\ud83c\udffb - D\u011btsk\u00e1 Skupina Tlapky\",\"isPartOf\":{\"@id\":\"http:\/\/ds-tlapky.cz\/#website\"},\"datePublished\":\"2020-08-07T10:50:29+00:00\",\"dateModified\":\"2025-04-22T10:07:46+00:00\",\"description\":\"Denn\u00ed rozvrh d\u011btsk\u00e9 skupiny Tlapky, podle kter\u00e9ho se \u0159\u00edd\u00edme p\u0159i v\u00fdchov\u011b d\u011bt\u00ed a vy tak budete v\u011bd\u011bt co si va\u0161e ratolesti pr\u00e1v\u011b u\u017e\u00edvaj\u00ed.\",\"breadcrumb\":{\"@id\":\"https:\/\/ds-tlapky.cz\/?page_id=100#breadcrumb\"},\"inLanguage\":\"cs\",\"potentialAction\":[{\"@type\":\"ReadAction\",\"target\":[\"https:\/\/ds-tlapky.cz\/?page_id=100\"]}]},{\"@type\":\"BreadcrumbList\",\"@id\":\"https:\/\/ds-tlapky.cz\/?page_id=100#breadcrumb\",\"itemListElement\":[{\"@type\":\"ListItem\",\"position\":1,\"name\":\"Dom\u016f\",\"item\":\"http:\/\/ds-tlapky.cz\/\"},{\"@type\":\"ListItem\",\"position\":2,\"name\":\"\ud83e\udd39\ud83c\udffb Denn\u00ed harmonogram \ud83e\udd39\ud83c\udffb\"}]},{\"@type\":\"WebSite\",\"@id\":\"http:\/\/ds-tlapky.cz\/#website\",\"url\":\"http:\/\/ds-tlapky.cz\/\",\"name\":\"ds-tlapky.cz\",\"description\":\"D\u011btsk\u00e1 skupina Tlapky Plze\u0148\",\"publisher\":{\"@id\":\"http:\/\/ds-tlapky.cz\/#organization\"},\"potentialAction\":[{\"@type\":\"SearchAction\",\"target\":{\"@type\":\"EntryPoint\",\"urlTemplate\":\"http:\/\/ds-tlapky.cz\/?s={search_term_string}\"},\"query-input\":\"required name=search_term_string\"}],\"inLanguage\":\"cs\"},{\"@type\":\"Organization\",\"@id\":\"http:\/\/ds-tlapky.cz\/#organization\",\"name\":\"D\u011btsk\u00e1 skupina Tlapky\",\"url\":\"http:\/\/ds-tlapky.cz\/\",\"sameAs\":[\"https:\/\/www.instagram.com\/ds_tlapky\/\",\"https:\/\/www.facebook.com\/dsTlapky\"],\"logo\":{\"@type\":\"ImageObject\",\"inLanguage\":\"cs\",\"@id\":\"http:\/\/ds-tlapky.cz\/#\/schema\/logo\/image\/\",\"url\":\"https:\/\/ds-tlapky.cz\/wp-content\/uploads\/2020\/08\/LOGO.png\",\"contentUrl\":\"https:\/\/ds-tlapky.cz\/wp-content\/uploads\/2020\/08\/LOGO.png\",\"width\":3000,\"height\":3000,\"caption\":\"D\u011btsk\u00e1 skupina Tlapky\"},\"image\":{\"@id\":\"http:\/\/ds-tlapky.cz\/#\/schema\/logo\/image\/\"}}]}<\/script>\n<!-- \/ Yoast SEO plugin. -->","yoast_head_json":{"title":"\ud83e\udd39\ud83c\udffb Denn\u00ed harmonogram \ud83e\udd39\ud83c\udffb - D\u011btsk\u00e1 Skupina Tlapky","description":"Denn\u00ed rozvrh d\u011btsk\u00e9 skupiny Tlapky, podle kter\u00e9ho se \u0159\u00edd\u00edme p\u0159i v\u00fdchov\u011b d\u011bt\u00ed a vy tak budete v\u011bd\u011bt co si va\u0161e ratolesti pr\u00e1v\u011b u\u017e\u00edvaj\u00ed.","robots":{"index":"index","follow":"follow","max-snippet":"max-snippet:-1","max-image-preview":"max-image-preview:large","max-video-preview":"max-video-preview:-1"},"canonical":"https:\/\/ds-tlapky.cz\/?page_id=100","og_locale":"cs_CZ","og_type":"article","og_title":"\ud83e\udd39\ud83c\udffb Denn\u00ed harmonogram \ud83e\udd39\ud83c\udffb - D\u011btsk\u00e1 Skupina Tlapky","og_description":"Denn\u00ed rozvrh d\u011btsk\u00e9 skupiny Tlapky, podle kter\u00e9ho se \u0159\u00edd\u00edme p\u0159i v\u00fdchov\u011b d\u011bt\u00ed a vy tak budete v\u011bd\u011bt co si va\u0161e ratolesti pr\u00e1v\u011b u\u017e\u00edvaj\u00ed.","og_url":"https:\/\/ds-tlapky.cz\/?page_id=100","og_site_name":"D\u011btsk\u00e1 Skupina Tlapky","article_publisher":"https:\/\/www.facebook.com\/dsTlapky","article_modified_time":"2025-04-22T10:07:46+00:00","twitter_card":"summary_large_image","twitter_misc":{"Odhadovan\u00e1 doba \u010dten\u00ed":"1 minuta"},"schema":{"@context":"https:\/\/schema.org","@graph":[{"@type":"WebPage","@id":"https:\/\/ds-tlapky.cz\/?page_id=100","url":"https:\/\/ds-tlapky.cz\/?page_id=100","name":"\ud83e\udd39\ud83c\udffb Denn\u00ed harmonogram \ud83e\udd39\ud83c\udffb - D\u011btsk\u00e1 Skupina Tlapky","isPartOf":{"@id":"http:\/\/ds-tlapky.cz\/#website"},"datePublished":"2020-08-07T10:50:29+00:00","dateModified":"2025-04-22T10:07:46+00:00","description":"Denn\u00ed rozvrh d\u011btsk\u00e9 skupiny Tlapky, podle kter\u00e9ho se \u0159\u00edd\u00edme p\u0159i v\u00fdchov\u011b d\u011bt\u00ed a vy tak budete v\u011bd\u011bt co si va\u0161e ratolesti pr\u00e1v\u011b u\u017e\u00edvaj\u00ed.","breadcrumb":{"@id":"https:\/\/ds-tlapky.cz\/?page_id=100#breadcrumb"},"inLanguage":"cs","potentialAction":[{"@type":"ReadAction","target":["https:\/\/ds-tlapky.cz\/?page_id=100"]}]},{"@type":"BreadcrumbList","@id":"https:\/\/ds-tlapky.cz\/?page_id=100#breadcrumb","itemListElement":[{"@type":"ListItem","position":1,"name":"Dom\u016f","item":"http:\/\/ds-tlapky.cz\/"},{"@type":"ListItem","position":2,"name":"\ud83e\udd39\ud83c\udffb Denn\u00ed harmonogram \ud83e\udd39\ud83c\udffb"}]},{"@type":"WebSite","@id":"http:\/\/ds-tlapky.cz\/#website","url":"http:\/\/ds-tlapky.cz\/","name":"ds-tlapky.cz","description":"D\u011btsk\u00e1 skupina Tlapky Plze\u0148","publisher":{"@id":"http:\/\/ds-tlapky.cz\/#organization"},"potentialAction":[{"@type":"SearchAction","target":{"@type":"EntryPoint","urlTemplate":"http:\/\/ds-tlapky.cz\/?s={search_term_string}"},"query-input":"required name=search_term_string"}],"inLanguage":"cs"},{"@type":"Organization","@id":"http:\/\/ds-tlapky.cz\/#organization","name":"D\u011btsk\u00e1 skupina Tlapky","url":"http:\/\/ds-tlapky.cz\/","sameAs":["https:\/\/www.instagram.com\/ds_tlapky\/","https:\/\/www.facebook.com\/dsTlapky"],"logo":{"@type":"ImageObject","inLanguage":"cs","@id":"http:\/\/ds-tlapky.cz\/#\/schema\/logo\/image\/","url":"https:\/\/ds-tlapky.cz\/wp-content\/uploads\/2020\/08\/LOGO.png","contentUrl":"https:\/\/ds-tlapky.cz\/wp-content\/uploads\/2020\/08\/LOGO.png","width":3000,"height":3000,"caption":"D\u011btsk\u00e1 skupina Tlapky"},"image":{"@id":"http:\/\/ds-tlapky.cz\/#\/schema\/logo\/image\/"}}]}},"_links":{"self":[{"href":"https:\/\/ds-tlapky.cz\/index.php?rest_route=\/wp\/v2\/pages\/100"}],"collection":[{"href":"https:\/\/ds-tlapky.cz\/index.php?rest_route=\/wp\/v2\/pages"}],"about":[{"href":"https:\/\/ds-tlapky.cz\/index.php?rest_route=\/wp\/v2\/types\/page"}],"author":[{"embeddable":true,"href":"https:\/\/ds-tlapky.cz\/index.php?rest_route=\/wp\/v2\/users\/1"}],"replies":[{"embeddable":true,"href":"https:\/\/ds-tlapky.cz\/index.php?rest_route=%2Fwp%2Fv2%2Fcomments&post=100"}],"version-history":[{"count":13,"href":"https:\/\/ds-tlapky.cz\/index.php?rest_route=\/wp\/v2\/pages\/100\/revisions"}],"predecessor-version":[{"id":488,"href":"https:\/\/ds-tlapky.cz\/index.php?rest_route=\/wp\/v2\/pages\/100\/revisions\/488"}],"wp:attachment":[{"href":"https:\/\/ds-tlapky.cz\/index.php?rest_route=%2Fwp%2Fv2%2Fmedia&parent=100"}],"curies":[{"name":"wp","href":"https:\/\/api.w.org\/{rel}","templated":true}]}}